{"id":25,"date":"2018-03-20T20:07:25","date_gmt":"2018-03-20T19:07:25","guid":{"rendered":"https:\/\/qw.afraid.org\/wp\/?page_id=25"},"modified":"2019-11-27T19:54:12","modified_gmt":"2019-11-27T18:54:12","slug":"oferta","status":"publish","type":"page","link":"https:\/\/www.kala-projektowanie.pl\/","title":{"rendered":"Oferta"},"content":{"rendered":"\n<div class=\"wp-block-media-text alignwide has-media-on-the-right\" style=\"grid-template-columns:auto 35%\"><figure class=\"wp-block-media-text__media\"><img loading=\"lazy\" decoding=\"async\" width=\"650\" height=\"1024\" src=\"https:\/\/www.kala-projektowanie.pl\/wp-content\/uploads\/2019\/11\/projekt_2M-3-650x1024.jpg\" alt=\"Projektowanie Instalacji Tryskaczowych\" class=\"wp-image-69\" srcset=\"https:\/\/www.kala-projektowanie.pl\/wp-content\/uploads\/2019\/11\/projekt_2M-3-650x1024.jpg 650w, https:\/\/www.kala-projektowanie.pl\/wp-content\/uploads\/2019\/11\/projekt_2M-3-190x300.jpg 190w, https:\/\/www.kala-projektowanie.pl\/wp-content\/uploads\/2019\/11\/projekt_2M-3-768x1210.jpg 768w, https:\/\/www.kala-projektowanie.pl\/wp-content\/uploads\/2019\/11\/projekt_2M-3-975x1536.jpg 975w, https:\/\/www.kala-projektowanie.pl\/wp-content\/uploads\/2019\/11\/projekt_2M-3.jpg 1006w\" sizes=\"(max-width: 650px) 100vw, 650px\" \/><\/figure><div class=\"wp-block-media-text__content\">\n<p>W ramach swoich us\u0142ug oferujemy Pa\u0144stwu:<\/p>\n\n\n\n<ul><li style=\"text-align: left;\">projekty budowlane, przetargowe i wykonawcze sta\u0142ych urz\u0105dze\u0144 ga\u015bniczych tryskaczowych wodnych i powietrznych wg standard\u00f3w PN-EN, VdS, NFPA<\/li><li style=\"text-align: left;\">projekty sieci zasilaj\u0105cych urz\u0105dzenia ga\u015bnicze tryskaczowe<\/li><li style=\"text-align: left;\">projekty hydrant\u00f3w wewn\u0119trznych i zewn\u0119trznych wg polskich wytycznych<\/li><li style=\"text-align: left;\">kompleksow\u0105 koordynacj\u0119 mi\u0119dzybran\u017cow\u0105 z innymi instalacjami sanitarnymi<\/li><li style=\"text-align: left;\">konsultacje projektowe<\/li><li style=\"text-align: left;\">nadz\u00f3r nad realizacj\u0105 inwestycji<\/li><\/ul>\n<\/div><\/div>\n\n\n\n<p>Projekty wykonywane s\u0105 w formatach zgodnych z Autodesk AutoCAD i Revit.<\/p>\n","protected":false},"excerpt":{"rendered":"<p>W ramach swoich us\u0142ug oferujemy Pa\u0144stwu: projekty budowlane, przetargowe i wykonawcze sta\u0142ych urz\u0105dze\u0144 ga\u015bniczych tryskaczowych wodnych i powietrznych wg standard\u00f3w PN-EN, VdS, NFPA projekty sieci zasilaj\u0105cych urz\u0105dzenia ga\u015bnicze tryskaczowe projekty hydrant\u00f3w wewn\u0119trznych i zewn\u0119trznych wg polskich wytycznych kompleksow\u0105 koordynacj\u0119 mi\u0119dzybran\u017cow\u0105 z innymi instalacjami sanitarnymi konsultacje projektowe nadz\u00f3r nad realizacj\u0105 inwestycji Projekty wykonywane s\u0105 w formatach &hellip; <\/p>\n<p class=\"link-more\"><a href=\"https:\/\/www.kala-projektowanie.pl\/\" class=\"more-link\">Czytaj dalej<span class=\"screen-reader-text\"> \u201eOferta\u201d<\/span><\/a><\/p>\n","protected":false},"author":1,"featured_media":0,"parent":0,"menu_order":0,"comment_status":"closed","ping_status":"closed","template":"","meta":{"footnotes":""},"yoast_head":"<!-- This site is optimized with the Yoast SEO plugin v23.5 - https:\/\/yoast.com\/wordpress\/plugins\/seo\/ -->\n<title>Oferta - Biuro projektowe Kala<\/title>\n<meta name=\"robots\" content=\"index, follow, max-snippet:-1, max-image-preview:large, max-video-preview:-1\" \/>\n<link rel=\"canonical\" href=\"https:\/\/www.kala-projektowanie.pl\/\" \/>\n<meta property=\"og:locale\" content=\"pl_PL\" \/>\n<meta property=\"og:type\" content=\"article\" \/>\n<meta property=\"og:title\" content=\"Oferta - Biuro projektowe Kala\" \/>\n<meta property=\"og:description\" content=\"W ramach swoich us\u0142ug oferujemy Pa\u0144stwu: projekty budowlane, przetargowe i wykonawcze sta\u0142ych urz\u0105dze\u0144 ga\u015bniczych tryskaczowych wodnych i powietrznych wg standard\u00f3w PN-EN, VdS, NFPA projekty sieci zasilaj\u0105cych urz\u0105dzenia ga\u015bnicze tryskaczowe projekty hydrant\u00f3w wewn\u0119trznych i zewn\u0119trznych wg polskich wytycznych kompleksow\u0105 koordynacj\u0119 mi\u0119dzybran\u017cow\u0105 z innymi instalacjami sanitarnymi konsultacje projektowe nadz\u00f3r nad realizacj\u0105 inwestycji Projekty wykonywane s\u0105 w formatach &hellip; Czytaj dalej \u201eOferta\u201d\" \/>\n<meta property=\"og:url\" content=\"https:\/\/www.kala-projektowanie.pl\/\" \/>\n<meta property=\"og:site_name\" content=\"Biuro projektowe Kala\" \/>\n<meta property=\"article:modified_time\" content=\"2019-11-27T18:54:12+00:00\" \/>\n<meta property=\"og:image\" content=\"https:\/\/www.kala-projektowanie.pl\/wp-content\/uploads\/2019\/11\/projekt_2M-3-650x1024.jpg\" \/>\n<meta name=\"twitter:card\" content=\"summary_large_image\" \/>\n<script type=\"application\/ld+json\" class=\"yoast-schema-graph\">{\"@context\":\"https:\/\/schema.org\",\"@graph\":[{\"@type\":\"WebPage\",\"@id\":\"https:\/\/www.kala-projektowanie.pl\/\",\"url\":\"https:\/\/www.kala-projektowanie.pl\/\",\"name\":\"Oferta - Biuro projektowe Kala\",\"isPartOf\":{\"@id\":\"https:\/\/www.kala-projektowanie.pl\/#website\"},\"primaryImageOfPage\":{\"@id\":\"https:\/\/www.kala-projektowanie.pl\/#primaryimage\"},\"image\":{\"@id\":\"https:\/\/www.kala-projektowanie.pl\/#primaryimage\"},\"thumbnailUrl\":\"https:\/\/www.kala-projektowanie.pl\/wp-content\/uploads\/2019\/11\/projekt_2M-3-650x1024.jpg\",\"datePublished\":\"2018-03-20T19:07:25+00:00\",\"dateModified\":\"2019-11-27T18:54:12+00:00\",\"breadcrumb\":{\"@id\":\"https:\/\/www.kala-projektowanie.pl\/#breadcrumb\"},\"inLanguage\":\"pl-PL\",\"potentialAction\":[{\"@type\":\"ReadAction\",\"target\":[\"https:\/\/www.kala-projektowanie.pl\/\"]}]},{\"@type\":\"ImageObject\",\"inLanguage\":\"pl-PL\",\"@id\":\"https:\/\/www.kala-projektowanie.pl\/#primaryimage\",\"url\":\"https:\/\/www.kala-projektowanie.pl\/wp-content\/uploads\/2019\/11\/projekt_2M-3.jpg\",\"contentUrl\":\"https:\/\/www.kala-projektowanie.pl\/wp-content\/uploads\/2019\/11\/projekt_2M-3.jpg\",\"width\":1006,\"height\":1585,\"caption\":\"Projektowanie Instalacji Tryskaczowych\"},{\"@type\":\"BreadcrumbList\",\"@id\":\"https:\/\/www.kala-projektowanie.pl\/#breadcrumb\",\"itemListElement\":[{\"@type\":\"ListItem\",\"position\":1,\"name\":\"Strona g\u0142\u00f3wna\",\"item\":\"https:\/\/www.kala-projektowanie.pl\/\"},{\"@type\":\"ListItem\",\"position\":2,\"name\":\"Oferta\"}]},{\"@type\":\"WebSite\",\"@id\":\"https:\/\/www.kala-projektowanie.pl\/#website\",\"url\":\"https:\/\/www.kala-projektowanie.pl\/\",\"name\":\"Biuro projektowe Kala\",\"description\":\"Projektowanie wodnych instalacji przeciwpo\u017carowych\",\"potentialAction\":[{\"@type\":\"SearchAction\",\"target\":{\"@type\":\"EntryPoint\",\"urlTemplate\":\"https:\/\/www.kala-projektowanie.pl\/?s={search_term_string}\"},\"query-input\":{\"@type\":\"PropertyValueSpecification\",\"valueRequired\":true,\"valueName\":\"search_term_string\"}}],\"inLanguage\":\"pl-PL\"}]}<\/script>\n<!-- \/ Yoast SEO plugin. -->","yoast_head_json":{"title":"Oferta - Biuro projektowe Kala","robots":{"index":"index","follow":"follow","max-snippet":"max-snippet:-1","max-image-preview":"max-image-preview:large","max-video-preview":"max-video-preview:-1"},"canonical":"https:\/\/www.kala-projektowanie.pl\/","og_locale":"pl_PL","og_type":"article","og_title":"Oferta - Biuro projektowe Kala","og_description":"W ramach swoich us\u0142ug oferujemy Pa\u0144stwu: projekty budowlane, przetargowe i wykonawcze sta\u0142ych urz\u0105dze\u0144 ga\u015bniczych tryskaczowych wodnych i powietrznych wg standard\u00f3w PN-EN, VdS, NFPA projekty sieci zasilaj\u0105cych urz\u0105dzenia ga\u015bnicze tryskaczowe projekty hydrant\u00f3w wewn\u0119trznych i zewn\u0119trznych wg polskich wytycznych kompleksow\u0105 koordynacj\u0119 mi\u0119dzybran\u017cow\u0105 z innymi instalacjami sanitarnymi konsultacje projektowe nadz\u00f3r nad realizacj\u0105 inwestycji Projekty wykonywane s\u0105 w formatach &hellip; Czytaj dalej \u201eOferta\u201d","og_url":"https:\/\/www.kala-projektowanie.pl\/","og_site_name":"Biuro projektowe Kala","article_modified_time":"2019-11-27T18:54:12+00:00","og_image":[{"url":"https:\/\/www.kala-projektowanie.pl\/wp-content\/uploads\/2019\/11\/projekt_2M-3-650x1024.jpg"}],"twitter_card":"summary_large_image","schema":{"@context":"https:\/\/schema.org","@graph":[{"@type":"WebPage","@id":"https:\/\/www.kala-projektowanie.pl\/","url":"https:\/\/www.kala-projektowanie.pl\/","name":"Oferta - Biuro projektowe Kala","isPartOf":{"@id":"https:\/\/www.kala-projektowanie.pl\/#website"},"primaryImageOfPage":{"@id":"https:\/\/www.kala-projektowanie.pl\/#primaryimage"},"image":{"@id":"https:\/\/www.kala-projektowanie.pl\/#primaryimage"},"thumbnailUrl":"https:\/\/www.kala-projektowanie.pl\/wp-content\/uploads\/2019\/11\/projekt_2M-3-650x1024.jpg","datePublished":"2018-03-20T19:07:25+00:00","dateModified":"2019-11-27T18:54:12+00:00","breadcrumb":{"@id":"https:\/\/www.kala-projektowanie.pl\/#breadcrumb"},"inLanguage":"pl-PL","potentialAction":[{"@type":"ReadAction","target":["https:\/\/www.kala-projektowanie.pl\/"]}]},{"@type":"ImageObject","inLanguage":"pl-PL","@id":"https:\/\/www.kala-projektowanie.pl\/#primaryimage","url":"https:\/\/www.kala-projektowanie.pl\/wp-content\/uploads\/2019\/11\/projekt_2M-3.jpg","contentUrl":"https:\/\/www.kala-projektowanie.pl\/wp-content\/uploads\/2019\/11\/projekt_2M-3.jpg","width":1006,"height":1585,"caption":"Projektowanie Instalacji Tryskaczowych"},{"@type":"BreadcrumbList","@id":"https:\/\/www.kala-projektowanie.pl\/#breadcrumb","itemListElement":[{"@type":"ListItem","position":1,"name":"Strona g\u0142\u00f3wna","item":"https:\/\/www.kala-projektowanie.pl\/"},{"@type":"ListItem","position":2,"name":"Oferta"}]},{"@type":"WebSite","@id":"https:\/\/www.kala-projektowanie.pl\/#website","url":"https:\/\/www.kala-projektowanie.pl\/","name":"Biuro projektowe Kala","description":"Projektowanie wodnych instalacji przeciwpo\u017carowych","potentialAction":[{"@type":"SearchAction","target":{"@type":"EntryPoint","urlTemplate":"https:\/\/www.kala-projektowanie.pl\/?s={search_term_string}"},"query-input":{"@type":"PropertyValueSpecification","valueRequired":true,"valueName":"search_term_string"}}],"inLanguage":"pl-PL"}]}},"_links":{"self":[{"href":"https:\/\/www.kala-projektowanie.pl\/index.php\/wp-json\/wp\/v2\/pages\/25"}],"collection":[{"href":"https:\/\/www.kala-projektowanie.pl\/index.php\/wp-json\/wp\/v2\/pages"}],"about":[{"href":"https:\/\/www.kala-projektowanie.pl\/index.php\/wp-json\/wp\/v2\/types\/page"}],"author":[{"embeddable":true,"href":"https:\/\/www.kala-projektowanie.pl\/index.php\/wp-json\/wp\/v2\/users\/1"}],"replies":[{"embeddable":true,"href":"https:\/\/www.kala-projektowanie.pl\/index.php\/wp-json\/wp\/v2\/comments?post=25"}],"version-history":[{"count":8,"href":"https:\/\/www.kala-projektowanie.pl\/index.php\/wp-json\/wp\/v2\/pages\/25\/revisions"}],"predecessor-version":[{"id":71,"href":"https:\/\/www.kala-projektowanie.pl\/index.php\/wp-json\/wp\/v2\/pages\/25\/revisions\/71"}],"wp:attachment":[{"href":"https:\/\/www.kala-projektowanie.pl\/index.php\/wp-json\/wp\/v2\/media?parent=25"}],"curies":[{"name":"wp","href":"https:\/\/api.w.org\/{rel}","templated":true}]}}